{"id":256,"date":"2025-10-15T15:14:08","date_gmt":"2025-10-15T15:14:08","guid":{"rendered":"https:\/\/wegendir.com\/?page_id=256"},"modified":"2025-11-07T06:10:23","modified_gmt":"2025-11-07T06:10:23","slug":"impressum","status":"publish","type":"page","link":"https:\/\/wegendir.com\/?page_id=256","title":{"rendered":"Impressum"},"content":{"rendered":"\n<p>Angaben gem\u00e4\u00df \u00a7 5 TMG<\/p>\n\n\n\n<p>Stadt Bielefeld<\/p>\n\n\n\n<p>Die Oberb\u00fcrgermeisterin<\/p>\n\n\n\n<p>Gleichstellungsstelle<\/p>\n\n\n\n<p>Altes Rathaus<\/p>\n\n\n\n<p>Niederwall 25<\/p>\n\n\n\n<p>33602 Bielefeld<\/p>\n\n\n\n<p><strong>Kontakt:<\/strong><br>Telefon: + 49 521 51-2018<br>Fax: +49 &nbsp;521 51-2002<br>E-Mail: gleichstellungsstelle@bielefeld.de<\/p>\n\n\n\n<p><strong>Verantwortlich f\u00fcr den Inhalt nach \u00a7 55 Abs. 2 RStV:<\/strong><\/p>\n\n\n\n<p>Stadt Bielefeld<\/p>\n\n\n\n<p>Gleichstellungsstelle<\/p>\n\n\n\n<p>Agnieszka Salek<\/p>\n\n\n\n<p>Altes Rathaus<\/p>\n\n\n\n<p>Niederwall 25<\/p>\n\n\n\n<p>33602 Bielefeld<\/p>\n\n\n\n<p>Gef\u00f6rdert durch:<\/p>\n\n\n\n<p><\/p>\n\n\n\n<div class=\"wp-block-columns is-layout-flex wp-container-core-columns-is-layout-28f84493 wp-block-columns-is-layout-flex\">\n<div class=\"wp-block-column is-layout-flow wp-block-column-is-layout-flow\" style=\"flex-basis:50%\">\n<figure data-wp-context=\"{&quot;imageId&quot;:&quot;69e15ff93a428&quot;}\" data-wp-interactive=\"core\/image\" data-wp-key=\"69e15ff93a428\" class=\"wp-block-image size-full wp-lightbox-container\"><img loading=\"lazy\" decoding=\"async\" width=\"2016\" height=\"512\" data-wp-class--hide=\"state.isContentHidden\" data-wp-class--show=\"state.isContentVisible\" data-wp-init=\"callbacks.setButtonStyles\" data-wp-on--click=\"actions.showLightbox\" data-wp-on--load=\"callbacks.setButtonStyles\" data-wp-on-window--resize=\"callbacks.setButtonStyles\" src=\"https:\/\/wegendir.com\/wp-content\/uploads\/2025\/11\/ministerium.png\" alt=\"\" class=\"wp-image-357\" srcset=\"https:\/\/wegendir.com\/wp-content\/uploads\/2025\/11\/ministerium.png 2016w, https:\/\/wegendir.com\/wp-content\/uploads\/2025\/11\/ministerium-300x76.png 300w, https:\/\/wegendir.com\/wp-content\/uploads\/2025\/11\/ministerium-1024x260.png 1024w, https:\/\/wegendir.com\/wp-content\/uploads\/2025\/11\/ministerium-768x195.png 768w, https:\/\/wegendir.com\/wp-content\/uploads\/2025\/11\/ministerium-1536x390.png 1536w\" sizes=\"auto, (max-width: 2016px) 100vw, 2016px\" \/><button\n\t\t\tclass=\"lightbox-trigger\"\n\t\t\ttype=\"button\"\n\t\t\taria-haspopup=\"dialog\"\n\t\t\taria-label=\"Enlarge\"\n\t\t\tdata-wp-init=\"callbacks.initTriggerButton\"\n\t\t\tdata-wp-on--click=\"actions.showLightbox\"\n\t\t\tdata-wp-style--right=\"state.imageButtonRight\"\n\t\t\tdata-wp-style--top=\"state.imageButtonTop\"\n\t\t>\n\t\t\t<svg xmlns=\"http:\/\/www.w3.org\/2000\/svg\" width=\"12\" height=\"12\" fill=\"none\" viewBox=\"0 0 12 12\">\n\t\t\t\t<path fill=\"#fff\" d=\"M2 0a2 2 0 0 0-2 2v2h1.5V2a.5.5 0 0 1 .5-.5h2V0H2Zm2 10.5H2a.5.5 0 0 1-.5-.5V8H0v2a2 2 0 0 0 2 2h2v-1.5ZM8 12v-1.5h2a.5.5 0 0 0 .5-.5V8H12v2a2 2 0 0 1-2 2H8Zm2-12a2 2 0 0 1 2 2v2h-1.5V2a.5.5 0 0 0-.5-.5H8V0h2Z\" \/>\n\t\t\t<\/svg>\n\t\t<\/button><\/figure>\n<\/div>\n\n\n\n<div class=\"wp-block-column is-layout-flow wp-block-column-is-layout-flow\" style=\"flex-basis:50%\"><\/div>\n<\/div>\n\n\n\n<div style=\"height:74px\" aria-hidden=\"true\" class=\"wp-block-spacer\"><\/div>\n\n\n\n<p><strong>Haftungsausschluss:<\/strong><br><br><\/p>\n\n\n\n<p><strong>Haftung f\u00fcr Inhalte<\/strong><br><br>Die Inhalte unserer Seiten wurden mit gr\u00f6\u00dfter Sorgfalt erstellt. F\u00fcr die Richtigkeit, Vollst\u00e4ndigkeit und Aktualit\u00e4t der Inhalte k\u00f6nnen wir jedoch keine Gew\u00e4hr \u00fcbernehmen. Als Diensteanbieter sind wir gem\u00e4\u00df \u00a7 7 Abs.1 TMG f\u00fcr eigene Inhalte auf diesen Seiten nach den allgemeinen Gesetzen verantwortlich. Nach \u00a7\u00a7 8 bis 10 TMG sind wir als Diensteanbieter jedoch nicht verpflichtet, \u00fcbermittelte oder gespeicherte fremde Informationen zu \u00fcberwachen oder nach Umst\u00e4nden zu forschen, die auf eine rechtswidrige T\u00e4tigkeit hinweisen. Verpflichtungen zur Entfernung oder Sperrung der Nutzung von Informationen nach den allgemeinen Gesetzen bleiben hiervon unber\u00fchrt. Eine diesbez\u00fcgliche Haftung ist jedoch erst ab dem Zeitpunkt der Kenntnis einer konkreten Rechtsverletzung m\u00f6glich. Bei Bekanntwerden von entsprechenden Rechtsverletzungen werden wir diese Inhalte umgehend entfernen.<br><br><strong>Haftung f\u00fcr Links<\/strong><br><br>Unser Angebot enth\u00e4lt Links zu externen Webseiten Dritter, auf deren Inhalte wir keinen Einfluss haben. Deshalb k\u00f6nnen wir f\u00fcr diese fremden Inhalte auch keine Gew\u00e4hr \u00fcbernehmen. F\u00fcr die Inhalte der verlinkten Seiten ist stets der jeweilige Anbieter oder Betreiber der Seiten verantwortlich. Die verlinkten Seiten wurden zum Zeitpunkt der Verlinkung auf m\u00f6gliche Rechtsverst\u00f6\u00dfe \u00fcberpr\u00fcft. Rechtswidrige Inhalte waren zum Zeitpunkt der Verlinkung nicht erkennbar. Eine permanente inhaltliche Kontrolle der verlinkten Seiten ist jedoch ohne konkrete Anhaltspunkte einer Rechtsverletzung nicht zumutbar. Bei Bekanntwerden von Rechtsverletzungen werden wir derartige Links umgehend entfernen.<br><br><strong>Urheberrecht<\/strong><br><br>Die durch die Seitenbetreiber erstellten Inhalte und Werke auf diesen Seiten unterliegen dem deutschen Urheberrecht. Die Vervielf\u00e4ltigung, Bearbeitung, Verbreitung und jede Art der Verwertung au\u00dferhalb der Grenzen des Urheberrechtes bed\u00fcrfen der schriftlichen Zustimmung des jeweiligen Autors bzw. Erstellers. Downloads und Kopien dieser Seite sind nur f\u00fcr den privaten, nicht kommerziellen Gebrauch gestattet. Soweit die Inhalte auf dieser Seite nicht vom Betreiber erstellt wurden, werden die Urheberrechte Dritter beachtet. Insbesondere werden Inhalte Dritter als solche gekennzeichnet. Sollten Sie trotzdem auf eine Urheberrechtsverletzung aufmerksam werden, bitten wir um einen entsprechenden Hinweis. Bei Bekanntwerden von Rechtsverletzungen werden wir derartige Inhalte umgehend entfernen.<br><br><strong>Datenschutz<\/strong><br><br>Details finden Sie in unserer <a href=\"https:\/\/www.femnet-gegen-gewalt.de\/datenschutz.php\">Datenschutzerkl\u00e4rung<\/a><br><br>Die Nutzung unserer Webseite ist in der Regel ohne Angabe personenbezogener Daten m\u00f6glich. Soweit auf unseren Seiten personenbezogene Daten (beispielsweise Name, Anschrift oder eMail-Adressen) erhoben werden, erfolgt dies, soweit m\u00f6glich, stets auf freiwilliger Basis. Diese Daten werden ohne Ihre ausdr\u00fcckliche Zustimmung nicht an Dritte weitergegeben.<br>Wir weisen darauf hin, dass die Daten\u00fcbertragung im Internet (z.B. bei der Kommunikation per E-Mail) Sicherheitsl\u00fccken aufweisen kann. Ein l\u00fcckenloser Schutz der Daten vor dem Zugriff durch Dritte ist nicht m\u00f6glich.<br>Der Nutzung von im Rahmen der Impressumspflicht ver\u00f6ffentlichten Kontaktdaten durch Dritte zur \u00dcbersendung von nicht ausdr\u00fccklich angeforderter Werbung und Informationsmaterialien wird hiermit ausdr\u00fccklich widersprochen. Die Betreiber der Seiten behalten sich ausdr\u00fccklich rechtliche Schritte im Falle der unverlangten Zusendung von Werbeinformationen, etwa durch Spam-Mails, vor.&nbsp;<\/p>\n\n\n\n<p>Quelle: <a href=\"http:\/\/www.impressum-generator.de#http:\/\/www.impressum-generator.de\">Impressum Generator<\/a> der <a href=\"http:\/\/www.kanzlei-hasselbach.de\/rechtsanwalt-frankfurt\/#http:\/\/www.kanzlei-hasselbach.de\/rechtsanwalt-frankfurt\/\">Kanzlei Hasselbach<\/a>&nbsp;<\/p>\n","protected":false},"excerpt":{"rendered":"<p>Angaben gem\u00e4\u00df \u00a7 5 TMG Stadt Bielefeld Die Oberb\u00fcrgermeisterin Gleichstellungsstelle Altes Rathaus Niederwall 25 33602 Bielefeld Kontakt:Telefon: + 49 521 51-2018Fax: +49 &nbsp;521 51-2002E-Mail: gleichstellungsstelle@bielefeld.de Verantwortlich f\u00fcr den Inhalt nach \u00a7 55 Abs. 2 RStV: Stadt Bielefeld Gleichstellungsstelle Agnieszka Salek Altes Rathaus Niederwall 25 33602 Bielefeld Gef\u00f6rdert durch: Haftungsausschluss: Haftung f\u00fcr Inhalte Die Inhalte unserer [&hellip;]<\/p>\n","protected":false},"author":1,"featured_media":0,"parent":0,"menu_order":0,"comment_status":"closed","ping_status":"closed","template":"","meta":{"footnotes":""},"class_list":["post-256","page","type-page","status-publish","hentry"],"_links":{"self":[{"href":"https:\/\/wegendir.com\/index.php?rest_route=\/wp\/v2\/pages\/256","targetHints":{"allow":["GET"]}}],"collection":[{"href":"https:\/\/wegendir.com\/index.php?rest_route=\/wp\/v2\/pages"}],"about":[{"href":"https:\/\/wegendir.com\/index.php?rest_route=\/wp\/v2\/types\/page"}],"author":[{"embeddable":true,"href":"https:\/\/wegendir.com\/index.php?rest_route=\/wp\/v2\/users\/1"}],"replies":[{"embeddable":true,"href":"https:\/\/wegendir.com\/index.php?rest_route=%2Fwp%2Fv2%2Fcomments&post=256"}],"version-history":[{"count":13,"href":"https:\/\/wegendir.com\/index.php?rest_route=\/wp\/v2\/pages\/256\/revisions"}],"predecessor-version":[{"id":371,"href":"https:\/\/wegendir.com\/index.php?rest_route=\/wp\/v2\/pages\/256\/revisions\/371"}],"wp:attachment":[{"href":"https:\/\/wegendir.com\/index.php?rest_route=%2Fwp%2Fv2%2Fmedia&parent=256"}],"curies":[{"name":"wp","href":"https:\/\/api.w.org\/{rel}","templated":true}]}}